{"id":1492,"date":"2024-03-13T09:27:07","date_gmt":"2024-03-13T08:27:07","guid":{"rendered":"https:\/\/viveka.bio\/?post_type=product&#038;p=1492"},"modified":"2024-04-11T08:58:31","modified_gmt":"2024-04-11T06:58:31","slug":"1er-rendez-vous-a-distance-1h30","status":"publish","type":"product","link":"https:\/\/viveka.bio\/index.php\/produit\/1er-rendez-vous-a-distance-1h30\/","title":{"rendered":"1\u00e8re s\u00e9ance \u00e0 distance (1h30)"},"content":{"rendered":"<p><strong>L\u2019anamn\u00e8se :<\/strong>\u00a0Il s\u2019agit pour nous de faire connaissance, de poser des questions portant sur vos habitudes (alimentation, sommeil, activit\u00e9 physique, rythme de vie\u2026) et votre environnement personnel et professionnel.<\/p>\n<p><strong>Les conseils :<\/strong>\u00a0Ce sont les pr\u00e9conisations personnalis\u00e9es r\u00e9dig\u00e9es et envoy\u00e9es par mail dans les jours qui suivent la consultation.<\/p>\n","protected":false},"excerpt":{"rendered":"<p><strong>L\u2019anamn\u00e8se :<\/strong>\u00a0Il s\u2019agit pour nous de faire connaissance, de poser des questions portant sur vos habitudes (alimentation, sommeil, activit\u00e9 physique, rythme de vie\u2026) et votre environnement personnel et professionnel.<\/p>\n","protected":false},"featured_media":1071,"template":"","meta":[],"product_brand":[],"product_cat":[19],"product_tag":[],"class_list":{"0":"post-1492","1":"product","2":"type-product","3":"status-publish","4":"has-post-thumbnail","6":"product_cat-seance","8":"first","9":"instock","10":"virtual","11":"purchasable","12":"product-type-simple"},"jetpack_sharing_enabled":true,"_links":{"self":[{"href":"https:\/\/viveka.bio\/index.php\/wp-json\/wp\/v2\/product\/1492","targetHints":{"allow":["GET"]}}],"collection":[{"href":"https:\/\/viveka.bio\/index.php\/wp-json\/wp\/v2\/product"}],"about":[{"href":"https:\/\/viveka.bio\/index.php\/wp-json\/wp\/v2\/types\/product"}],"wp:featuredmedia":[{"embeddable":true,"href":"https:\/\/viveka.bio\/index.php\/wp-json\/wp\/v2\/media\/1071"}],"wp:attachment":[{"href":"https:\/\/viveka.bio\/index.php\/wp-json\/wp\/v2\/media?parent=1492"}],"wp:term":[{"taxonomy":"product_brand","embeddable":true,"href":"https:\/\/viveka.bio\/index.php\/wp-json\/wp\/v2\/product_brand?post=1492"},{"taxonomy":"product_cat","embeddable":true,"href":"https:\/\/viveka.bio\/index.php\/wp-json\/wp\/v2\/product_cat?post=1492"},{"taxonomy":"product_tag","embeddable":true,"href":"https:\/\/viveka.bio\/index.php\/wp-json\/wp\/v2\/product_tag?post=1492"}],"curies":[{"name":"wp","href":"https:\/\/api.w.org\/{rel}","templated":true}]}}