{"id":658,"date":"2023-07-20T11:14:50","date_gmt":"2023-07-20T09:14:50","guid":{"rendered":"https:\/\/viveka.bio\/?page_id=658"},"modified":"2024-03-28T17:28:58","modified_gmt":"2024-03-28T16:28:58","slug":"politique_de_confidentialite","status":"publish","type":"page","link":"https:\/\/viveka.bio\/index.php\/politique_de_confidentialite\/","title":{"rendered":"Politique de confidentialit\u00e9"},"content":{"rendered":"\t\t<div data-elementor-type=\"wp-page\" data-elementor-id=\"658\" class=\"elementor elementor-658\">\n\t\t\t\t\t\t<section class=\"elementor-section elementor-top-section elementor-element elementor-element-09fb7fc elementor-section-boxed elementor-section-height-default elementor-section-height-default\" data-id=\"09fb7fc\" data-element_type=\"section\" data-e-type=\"section\">\n\t\t\t\t\t\t<div class=\"elementor-container elementor-column-gap-default\">\n\t\t\t\t\t<div class=\"elementor-column elementor-col-100 elementor-top-column elementor-element elementor-element-5c00218\" data-id=\"5c00218\" data-element_type=\"column\" data-e-type=\"column\">\n\t\t\t<div class=\"elementor-widget-wrap elementor-element-populated\">\n\t\t\t\t\t\t<section class=\"elementor-section elementor-inner-section elementor-element elementor-element-5f1b5f4 elementor-section-boxed elementor-section-height-default elementor-section-height-default\" data-id=\"5f1b5f4\" data-element_type=\"section\" data-e-type=\"section\">\n\t\t\t\t\t\t<div class=\"elementor-container elementor-column-gap-default\">\n\t\t\t\t\t<div class=\"elementor-column elementor-col-50 elementor-inner-column elementor-element elementor-element-8697c6f\" data-id=\"8697c6f\" data-element_type=\"column\" data-e-type=\"column\">\n\t\t\t<div class=\"elementor-widget-wrap elementor-element-populated\">\n\t\t\t\t\t\t<div class=\"elementor-element elementor-element-82a657a elementor-widget__width-initial elementor-widget elementor-widget-text-editor\" data-id=\"82a657a\" data-element_type=\"widget\" data-e-type=\"widget\" data-widget_type=\"text-editor.default\">\n\t\t\t\t<div class=\"elementor-widget-container\">\n\t\t\t\t\t\t\t\t\t<p><span style=\"color: var(--main-dark); font-family: var(--main-font); letter-spacing: 0px; font-size: 1rem;\">Cette politique de confidentialit\u00e9 \u00e9nonce les conditions dans lesquelles Viveka utilise et prot\u00e8ge les informations fournies par les utilisateurs lors de l\u2019utilisation de son site Web.<\/span><\/p>\n<div class=\"row image_contenu_cta \" style=\"--bs-gutter-x: 1.5rem; --bs-gutter-y: 0; display: flex; flex-wrap: wrap; margin-top: calc(-1 * var(--bs-gutter-y)); margin-right: calc(-.5 * var(--bs-gutter-x)); margin-left: calc(-.5 * var(--bs-gutter-x)); color: #404040; font-family: 'Space Grotesk', sans-serif;\">\n<div class=\"col-12 text-left text-left\" style=\"flex: 0 0 auto; width: 1140px; max-width: 100%; padding-right: calc(var(--bs-gutter-x) * .5); padding-left: calc(var(--bs-gutter-x) * .5); margin-top: var(--bs-gutter-y);\">\n<div class=\"px-0\" style=\"padding-right: 0px !important; padding-left: 0px !important;\">\n<p style=\"margin-top: 0px; margin-bottom: 1rem; color: var(--main-dark); line-height: 26px; font-family: var(--main-font); letter-spacing: 0px;\">Viveka s\u2019est engag\u00e9e \u00e0 prot\u00e9ger la s\u00e9curit\u00e9 des donn\u00e9es de l\u2019utilisateur.<\/p>\n<p style=\"margin-top: 0px; margin-bottom: 1rem; color: var(--main-dark); line-height: 26px; font-family: var(--main-font); letter-spacing: 0px;\">Ce site Web peut recueillir des renseignements personnels tels que: nom, coordonn\u00e9es telles que votre adresse e-mail et des informations g\u00e9ographiques.<\/p>\n<p style=\"margin-top: 0px; margin-bottom: 1rem; color: var(--main-dark); line-height: 26px; font-family: var(--main-font); letter-spacing: 0px;\">Ce site web utilise les informations afin de fournir le meilleur service possible.&nbsp;<\/p>\n<p style=\"margin-top: 0px; margin-bottom: 1rem; color: var(--main-dark); line-height: 26px; font-family: var(--main-font); letter-spacing: 0px;\">Viveka s\u2019est engag\u00e9e \u00e0 respecter la protection de vos renseignements et donn\u00e9es. Nous utilisons les syst\u00e8mes les plus avanc\u00e9s et constamment mis \u00e0 jour pour qu\u2019il n\u2019y ait pas d&rsquo;acc\u00e8s non autoris\u00e9.<\/p>\n<p style=\"margin-top: 0px; margin-bottom: 1rem; color: var(--main-dark); line-height: 26px; font-family: var(--main-font); letter-spacing: 0px;\">Viveka ne vendra, ni ne c\u00e9dera ou distribuera les renseignements personnels qui sont recueillis sans votre consentement.<\/p>\n<p style=\"margin-top: 0px; margin-bottom: 1rem; color: var(--main-dark); line-height: 26px; font-family: var(--main-font); letter-spacing: 0px;\">Viveka se r\u00e9serve le droit de modifier les termes de cette politique de confidentialit\u00e9 \u00e0 tout moment.<\/p>\n<div>&nbsp;<\/div>\n<\/div>\n<\/div>\n<\/div>\t\t\t\t\t\t\t\t<\/div>\n\t\t\t\t<\/div>\n\t\t\t\t<section class=\"elementor-section elementor-inner-section elementor-element elementor-element-52bc27b elementor-section-boxed elementor-section-height-default elementor-section-height-default\" data-id=\"52bc27b\" data-element_type=\"section\" data-e-type=\"section\">\n\t\t\t\t\t\t<div class=\"elementor-container elementor-column-gap-default\">\n\t\t\t\t\t<div class=\"elementor-column elementor-col-50 elementor-inner-column elementor-element elementor-element-cd5213d\" data-id=\"cd5213d\" data-element_type=\"column\" data-e-type=\"column\">\n\t\t\t<div class=\"elementor-widget-wrap\">\n\t\t\t\t\t\t\t<\/div>\n\t\t<\/div>\n\t\t\t\t<div class=\"elementor-column elementor-col-50 elementor-inner-column elementor-element elementor-element-d37748a\" data-id=\"d37748a\" data-element_type=\"column\" data-e-type=\"column\">\n\t\t\t<div class=\"elementor-widget-wrap\">\n\t\t\t\t\t\t\t<\/div>\n\t\t<\/div>\n\t\t\t\t\t<\/div>\n\t\t<\/section>\n\t\t\t\t\t<\/div>\n\t\t<\/div>\n\t\t\t\t<div class=\"elementor-column elementor-col-50 elementor-inner-column elementor-element elementor-element-2874fb1\" data-id=\"2874fb1\" data-element_type=\"column\" data-e-type=\"column\">\n\t\t\t<div class=\"elementor-widget-wrap\">\n\t\t\t\t\t\t\t<\/div>\n\t\t<\/div>\n\t\t\t\t\t<\/div>\n\t\t<\/section>\n\t\t\t\t\t<\/div>\n\t\t<\/div>\n\t\t\t\t\t<\/div>\n\t\t<\/section>\n\t\t\t\t<section class=\"elementor-section elementor-top-section elementor-element elementor-element-422b3fc elementor-section-boxed elementor-section-height-default elementor-section-height-default\" data-id=\"422b3fc\" data-element_type=\"section\" data-e-type=\"section\">\n\t\t\t\t\t\t<div class=\"elementor-container elementor-column-gap-default\">\n\t\t\t\t\t<div class=\"elementor-column elementor-col-100 elementor-top-column elementor-element elementor-element-92e77b1\" data-id=\"92e77b1\" data-element_type=\"column\" data-e-type=\"column\">\n\t\t\t<div class=\"elementor-widget-wrap elementor-element-populated\">\n\t\t\t\t\t\t<section class=\"elementor-section elementor-inner-section elementor-element elementor-element-0542e50 elementor-section-boxed elementor-section-height-default elementor-section-height-default\" data-id=\"0542e50\" data-element_type=\"section\" data-e-type=\"section\">\n\t\t\t\t\t\t<div class=\"elementor-container elementor-column-gap-default\">\n\t\t\t\t\t<div class=\"elementor-column elementor-col-50 elementor-inner-column elementor-element elementor-element-ffe3b3d\" data-id=\"ffe3b3d\" data-element_type=\"column\" data-e-type=\"column\">\n\t\t\t<div class=\"elementor-widget-wrap\">\n\t\t\t\t\t\t\t<\/div>\n\t\t<\/div>\n\t\t\t\t<div class=\"elementor-column elementor-col-50 elementor-inner-column elementor-element elementor-element-fc3f687\" data-id=\"fc3f687\" data-element_type=\"column\" data-e-type=\"column\">\n\t\t\t<div class=\"elementor-widget-wrap\">\n\t\t\t\t\t\t\t<\/div>\n\t\t<\/div>\n\t\t\t\t\t<\/div>\n\t\t<\/section>\n\t\t\t\t\t<\/div>\n\t\t<\/div>\n\t\t\t\t\t<\/div>\n\t\t<\/section>\n\t\t\t\t<\/div>\n\t\t","protected":false},"excerpt":{"rendered":"<p>Cette politique de confidentialit\u00e9 \u00e9nonce les conditions dans lesquelles Viveka utilise et prot\u00e8ge les informations fournies par les utilisateurs lors de l\u2019utilisation de son site Web. Viveka s\u2019est engag\u00e9e \u00e0 prot\u00e9ger la s\u00e9curit\u00e9 des donn\u00e9es de l\u2019utilisateur. Ce site Web peut recueillir des renseignements personnels tels que: nom, coordonn\u00e9es telles que votre adresse e-mail et [&hellip;]<\/p>\n","protected":false},"author":2,"featured_media":0,"parent":0,"menu_order":0,"comment_status":"closed","ping_status":"closed","template":"","meta":{"footnotes":""},"class_list":["post-658","page","type-page","status-publish","hentry"],"jetpack_sharing_enabled":true,"_links":{"self":[{"href":"https:\/\/viveka.bio\/index.php\/wp-json\/wp\/v2\/pages\/658","targetHints":{"allow":["GET"]}}],"collection":[{"href":"https:\/\/viveka.bio\/index.php\/wp-json\/wp\/v2\/pages"}],"about":[{"href":"https:\/\/viveka.bio\/index.php\/wp-json\/wp\/v2\/types\/page"}],"author":[{"embeddable":true,"href":"https:\/\/viveka.bio\/index.php\/wp-json\/wp\/v2\/users\/2"}],"replies":[{"embeddable":true,"href":"https:\/\/viveka.bio\/index.php\/wp-json\/wp\/v2\/comments?post=658"}],"version-history":[{"count":14,"href":"https:\/\/viveka.bio\/index.php\/wp-json\/wp\/v2\/pages\/658\/revisions"}],"predecessor-version":[{"id":1591,"href":"https:\/\/viveka.bio\/index.php\/wp-json\/wp\/v2\/pages\/658\/revisions\/1591"}],"wp:attachment":[{"href":"https:\/\/viveka.bio\/index.php\/wp-json\/wp\/v2\/media?parent=658"}],"curies":[{"name":"wp","href":"https:\/\/api.w.org\/{rel}","templated":true}]}}