{"id":1319,"date":"2024-02-11T20:20:38","date_gmt":"2024-02-11T19:20:38","guid":{"rendered":"https:\/\/viveka.bio\/?page_id=1319"},"modified":"2025-11-10T11:33:46","modified_gmt":"2025-11-10T10:33:46","slug":"a-propos-de-veronique","status":"publish","type":"page","link":"https:\/\/viveka.bio\/index.php\/a-propos-de-veronique\/","title":{"rendered":"\u00c0 propos de V\u00e9ronique"},"content":{"rendered":"\t\t<div data-elementor-type=\"wp-page\" data-elementor-id=\"1319\" class=\"elementor elementor-1319\">\n\t\t\t\t\t\t<section class=\"elementor-section elementor-top-section elementor-element elementor-element-600ab07 elementor-section-boxed elementor-section-height-default elementor-section-height-default\" data-id=\"600ab07\" data-element_type=\"section\" data-e-type=\"section\" data-settings=\"{&quot;animation&quot;:&quot;none&quot;}\">\n\t\t\t\t\t\t<div class=\"elementor-container elementor-column-gap-default\">\n\t\t\t\t\t<div class=\"elementor-column elementor-col-100 elementor-top-column elementor-element elementor-element-11e24be\" data-id=\"11e24be\" data-element_type=\"column\" data-e-type=\"column\">\n\t\t\t<div class=\"elementor-widget-wrap elementor-element-populated\">\n\t\t\t\t\t\t<div class=\"elementor-element elementor-element-e0735c3 elementor-widget elementor-widget-image\" data-id=\"e0735c3\" data-element_type=\"widget\" data-e-type=\"widget\" data-settings=\"{&quot;_animation&quot;:&quot;none&quot;}\" data-widget_type=\"image.default\">\n\t\t\t\t<div class=\"elementor-widget-container\">\n\t\t\t\t\t\t\t\t\t\t\t\t\t\t\t<img decoding=\"async\" width=\"150\" height=\"150\" src=\"https:\/\/viveka.bio\/wp-content\/uploads\/2023\/07\/Vero2-150x150.jpg\" class=\"attachment-thumbnail size-thumbnail wp-image-405\" alt=\"\" srcset=\"https:\/\/viveka.bio\/wp-content\/uploads\/2023\/07\/Vero2-150x150.jpg 150w, https:\/\/viveka.bio\/wp-content\/uploads\/2023\/07\/Vero2.jpg 300w\" sizes=\"(max-width: 150px) 100vw, 150px\" \/>\t\t\t\t\t\t\t\t\t\t\t\t\t\t\t<\/div>\n\t\t\t\t<\/div>\n\t\t\t\t\t<\/div>\n\t\t<\/div>\n\t\t\t\t\t<\/div>\n\t\t<\/section>\n\t\t\t\t<section class=\"elementor-section elementor-top-section elementor-element elementor-element-050c53e animated-slow elementor-section-boxed elementor-section-height-default elementor-section-height-default elementor-invisible\" data-id=\"050c53e\" data-element_type=\"section\" data-e-type=\"section\" data-settings=\"{&quot;animation&quot;:&quot;fadeIn&quot;}\">\n\t\t\t\t\t\t<div class=\"elementor-container elementor-column-gap-default\">\n\t\t\t\t\t<div class=\"elementor-column elementor-col-50 elementor-top-column elementor-element elementor-element-d69313b\" data-id=\"d69313b\" data-element_type=\"column\" data-e-type=\"column\">\n\t\t\t<div class=\"elementor-widget-wrap elementor-element-populated\">\n\t\t\t\t\t\t<div class=\"elementor-element elementor-element-c76aa0b elementor-invisible elementor-widget elementor-widget-text-editor\" data-id=\"c76aa0b\" data-element_type=\"widget\" data-e-type=\"widget\" data-settings=\"{&quot;_animation&quot;:&quot;fadeIn&quot;}\" data-widget_type=\"text-editor.default\">\n\t\t\t\t<div class=\"elementor-widget-container\">\n\t\t\t\t\t\t\t\t\t<p>Depuis toute petite,&nbsp;la nature m\u2019a \u00e9merveill\u00e9e.&nbsp;<\/p>\n<p>C\u2019est en me promenant dans la for\u00eat avec mon chien que j\u2019ai per\u00e7u l\u2019unicit\u00e9 et mon premier moment extatique ; j\u2019avais alors une dizaine d\u2019ann\u00e9es.<\/p>\n<p>Ensuite, tout au long de ma vie, professionnelle et personnelle, j\u2019ai \u00e9t\u00e9 confront\u00e9e aux plaintes r\u00e9currentes de personnes souffrant dans leur enti\u00e8ret\u00e9 autant physique que psychique. Leurs maux les emp\u00eachaient d\u2019\u00eatre heureux, de vivre tout simplement. Aujourd\u2019hui encore, ceci est toujours vrai.<\/p>\t\t\t\t\t\t\t\t<\/div>\n\t\t\t\t<\/div>\n\t\t\t\t\t<\/div>\n\t\t<\/div>\n\t\t\t\t<div class=\"elementor-column elementor-col-50 elementor-top-column elementor-element elementor-element-ab507c4\" data-id=\"ab507c4\" data-element_type=\"column\" data-e-type=\"column\">\n\t\t\t<div class=\"elementor-widget-wrap elementor-element-populated\">\n\t\t\t\t\t\t<div class=\"elementor-element elementor-element-3828b77 elementor-widget elementor-widget-image\" data-id=\"3828b77\" data-element_type=\"widget\" data-e-type=\"widget\" data-settings=\"{&quot;_animation&quot;:&quot;none&quot;}\" data-widget_type=\"image.default\">\n\t\t\t\t<div class=\"elementor-widget-container\">\n\t\t\t\t\t\t\t\t\t\t\t\t\t\t\t<img fetchpriority=\"high\" decoding=\"async\" width=\"1024\" height=\"683\" src=\"https:\/\/viveka.bio\/wp-content\/uploads\/2023\/07\/pexels-pixabay-268974.jpg\" class=\"attachment-full size-full wp-image-108\" alt=\"\" srcset=\"https:\/\/viveka.bio\/wp-content\/uploads\/2023\/07\/pexels-pixabay-268974.jpg 1024w, https:\/\/viveka.bio\/wp-content\/uploads\/2023\/07\/pexels-pixabay-268974-300x200.jpg 300w, https:\/\/viveka.bio\/wp-content\/uploads\/2023\/07\/pexels-pixabay-268974-768x512.jpg 768w\" sizes=\"(max-width: 1024px) 100vw, 1024px\" \/>\t\t\t\t\t\t\t\t\t\t\t\t\t\t\t<\/div>\n\t\t\t\t<\/div>\n\t\t\t\t\t<\/div>\n\t\t<\/div>\n\t\t\t\t\t<\/div>\n\t\t<\/section>\n\t\t\t\t<section class=\"elementor-section elementor-top-section elementor-element elementor-element-9dce293 animated-slow elementor-section-boxed elementor-section-height-default elementor-section-height-default elementor-invisible\" data-id=\"9dce293\" data-element_type=\"section\" data-e-type=\"section\" data-settings=\"{&quot;animation&quot;:&quot;fadeIn&quot;}\">\n\t\t\t\t\t\t<div class=\"elementor-container elementor-column-gap-default\">\n\t\t\t\t\t<div class=\"elementor-column elementor-col-50 elementor-top-column elementor-element elementor-element-200360f\" data-id=\"200360f\" data-element_type=\"column\" data-e-type=\"column\">\n\t\t\t<div class=\"elementor-widget-wrap elementor-element-populated\">\n\t\t\t\t\t\t<div class=\"elementor-element elementor-element-770291f elementor-widget elementor-widget-image\" data-id=\"770291f\" data-element_type=\"widget\" data-e-type=\"widget\" data-settings=\"{&quot;_animation&quot;:&quot;none&quot;}\" data-widget_type=\"image.default\">\n\t\t\t\t<div class=\"elementor-widget-container\">\n\t\t\t\t\t\t\t\t\t\t\t\t\t\t\t<img decoding=\"async\" width=\"682\" height=\"384\" src=\"https:\/\/viveka.bio\/wp-content\/uploads\/2023\/07\/Apropos2.jpg\" class=\"attachment-large size-large wp-image-109\" alt=\"\" srcset=\"https:\/\/viveka.bio\/wp-content\/uploads\/2023\/07\/Apropos2.jpg 682w, https:\/\/viveka.bio\/wp-content\/uploads\/2023\/07\/Apropos2-300x169.jpg 300w\" sizes=\"(max-width: 682px) 100vw, 682px\" \/>\t\t\t\t\t\t\t\t\t\t\t\t\t\t\t<\/div>\n\t\t\t\t<\/div>\n\t\t\t\t\t<\/div>\n\t\t<\/div>\n\t\t\t\t<div class=\"elementor-column elementor-col-50 elementor-top-column elementor-element elementor-element-365fc91\" data-id=\"365fc91\" data-element_type=\"column\" data-e-type=\"column\">\n\t\t\t<div class=\"elementor-widget-wrap elementor-element-populated\">\n\t\t\t\t\t\t<div class=\"elementor-element elementor-element-b14e797 elementor-invisible elementor-widget elementor-widget-text-editor\" data-id=\"b14e797\" data-element_type=\"widget\" data-e-type=\"widget\" data-settings=\"{&quot;_animation&quot;:&quot;fadeIn&quot;}\" data-widget_type=\"text-editor.default\">\n\t\t\t\t<div class=\"elementor-widget-container\">\n\t\t\t\t\t\t\t\t\t<p>\u00c9tant curieuse de caract\u00e8re et en qu\u00eate permanente, je n\u2019ai eu de cesse que de chercher la ou les solutions avec pour seule devise \u00ab Rien n\u2019est impossible \u00bb.\u00a0<\/p><p>\u00a0<\/p><p>Apr\u00e8s un parcours professionnel dans l&rsquo;informatique, j&rsquo;ai d\u00e9cid\u00e9 de faire mes \u00e9tudes de naturopathe \u00e0 la FLMNE (Paris) et de m&rsquo;installer d\u00e8s que je le pourrais.\u00a0<\/p><h3>\u00a0<\/h3>\t\t\t\t\t\t\t\t<\/div>\n\t\t\t\t<\/div>\n\t\t\t\t\t<\/div>\n\t\t<\/div>\n\t\t\t\t\t<\/div>\n\t\t<\/section>\n\t\t\t\t<section class=\"elementor-section elementor-top-section elementor-element elementor-element-e3215a9 animated-slow elementor-section-boxed elementor-section-height-default elementor-section-height-default elementor-invisible\" data-id=\"e3215a9\" data-element_type=\"section\" data-e-type=\"section\" data-settings=\"{&quot;animation&quot;:&quot;fadeIn&quot;}\">\n\t\t\t\t\t\t<div class=\"elementor-container elementor-column-gap-default\">\n\t\t\t\t\t<div class=\"elementor-column elementor-col-50 elementor-top-column elementor-element elementor-element-189d529\" data-id=\"189d529\" data-element_type=\"column\" data-e-type=\"column\">\n\t\t\t<div class=\"elementor-widget-wrap elementor-element-populated\">\n\t\t\t\t\t\t<div class=\"elementor-element elementor-element-e61b585 elementor-invisible elementor-widget elementor-widget-text-editor\" data-id=\"e61b585\" data-element_type=\"widget\" data-e-type=\"widget\" data-settings=\"{&quot;_animation&quot;:&quot;fadeIn&quot;}\" data-widget_type=\"text-editor.default\">\n\t\t\t\t<div class=\"elementor-widget-container\">\n\t\t\t\t\t\t\t\t\t<p>Tout au long de mes \u00e9tudes, j&rsquo;ai eu le sentiment d&rsquo;\u00eatre en ad\u00e9quation avec les id\u00e9es et les personnes qui les transmettaient. Notamment sur le fait, qu&rsquo;il est impossible d\u2019aider les autres si nous sommes nous-m\u00eames dans la difficult\u00e9, que ce soit dans notre corps ou dans notre t\u00eate.<\/p>\n<p>La v\u00e9rit\u00e9 est qu&rsquo;un th\u00e9rapeute ne peut aider quelqu\u2019un d&rsquo;autre que si lui-m\u00eame est en paix.<\/p>\n<h4>A ce jour, ma \u00ab boite \u00e0 outils \u00bb comprend la nutrition, la r\u00e9flexologie auriculaire, la podo-r\u00e9flexologie, l\u2019aromath\u00e9rapie, la bior\u00e9sonance, la sonoth\u00e9rapie et l&rsquo;hydrog\u00e9noth\u00e9rapie.<\/h4>\n<h3>&nbsp;<\/h3>\t\t\t\t\t\t\t\t<\/div>\n\t\t\t\t<\/div>\n\t\t\t\t\t<\/div>\n\t\t<\/div>\n\t\t\t\t<div class=\"elementor-column elementor-col-50 elementor-top-column elementor-element elementor-element-2b20af3\" data-id=\"2b20af3\" data-element_type=\"column\" data-e-type=\"column\">\n\t\t\t<div class=\"elementor-widget-wrap elementor-element-populated\">\n\t\t\t\t\t\t<div class=\"elementor-element elementor-element-68c01af elementor-widget elementor-widget-image\" data-id=\"68c01af\" data-element_type=\"widget\" data-e-type=\"widget\" data-settings=\"{&quot;_animation&quot;:&quot;none&quot;}\" data-widget_type=\"image.default\">\n\t\t\t\t<div class=\"elementor-widget-container\">\n\t\t\t\t\t\t\t\t\t\t\t\t\t\t\t<img loading=\"lazy\" decoding=\"async\" width=\"800\" height=\"534\" src=\"https:\/\/viveka.bio\/wp-content\/uploads\/2023\/07\/pexels-viktoria-slowikowska-5677795.jpg\" class=\"attachment-large size-large wp-image-113\" alt=\"\" srcset=\"https:\/\/viveka.bio\/wp-content\/uploads\/2023\/07\/pexels-viktoria-slowikowska-5677795.jpg 1024w, https:\/\/viveka.bio\/wp-content\/uploads\/2023\/07\/pexels-viktoria-slowikowska-5677795-300x200.jpg 300w, https:\/\/viveka.bio\/wp-content\/uploads\/2023\/07\/pexels-viktoria-slowikowska-5677795-768x512.jpg 768w\" sizes=\"(max-width: 800px) 100vw, 800px\" \/>\t\t\t\t\t\t\t\t\t\t\t\t\t\t\t<\/div>\n\t\t\t\t<\/div>\n\t\t\t\t\t<\/div>\n\t\t<\/div>\n\t\t\t\t\t<\/div>\n\t\t<\/section>\n\t\t\t\t<section class=\"elementor-section elementor-top-section elementor-element elementor-element-dc7db15 elementor-section-boxed elementor-section-height-default elementor-section-height-default\" data-id=\"dc7db15\" data-element_type=\"section\" data-e-type=\"section\">\n\t\t\t\t\t\t<div class=\"elementor-container elementor-column-gap-default\">\n\t\t\t\t\t<div class=\"elementor-column elementor-col-100 elementor-top-column elementor-element elementor-element-7677c57\" data-id=\"7677c57\" data-element_type=\"column\" data-e-type=\"column\">\n\t\t\t<div class=\"elementor-widget-wrap elementor-element-populated\">\n\t\t\t\t\t\t<div class=\"elementor-element elementor-element-f98c7ce elementor-widget elementor-widget-text-editor\" data-id=\"f98c7ce\" data-element_type=\"widget\" data-e-type=\"widget\" data-widget_type=\"text-editor.default\">\n\t\t\t\t<div class=\"elementor-widget-container\">\n\t\t\t\t\t\t\t\t\t<p>Ma curiosit\u00e9 et mon souhait de trouver d\u2019autres solutions me poussent naturellement vers d\u2019autres formations afin de r\u00e9pondre au plus juste \u00e0 chacun car chaque \u00eatre est unique.<\/p>\t\t\t\t\t\t\t\t<\/div>\n\t\t\t\t<\/div>\n\t\t\t\t\t<\/div>\n\t\t<\/div>\n\t\t\t\t\t<\/div>\n\t\t<\/section>\n\t\t\t\t<\/div>\n\t\t","protected":false},"excerpt":{"rendered":"<p>Depuis toute petite,&nbsp;la nature m\u2019a \u00e9merveill\u00e9e.&nbsp; C\u2019est en me promenant dans la for\u00eat avec mon chien que j\u2019ai per\u00e7u l\u2019unicit\u00e9 et mon premier moment extatique ; j\u2019avais alors une dizaine d\u2019ann\u00e9es. Ensuite, tout au long de ma vie, professionnelle et personnelle, j\u2019ai \u00e9t\u00e9 confront\u00e9e aux plaintes r\u00e9currentes de personnes souffrant dans leur enti\u00e8ret\u00e9 autant physique [&hellip;]<\/p>\n","protected":false},"author":1,"featured_media":0,"parent":0,"menu_order":0,"comment_status":"closed","ping_status":"closed","template":"","meta":{"footnotes":""},"class_list":["post-1319","page","type-page","status-publish","hentry"],"jetpack_sharing_enabled":true,"_links":{"self":[{"href":"https:\/\/viveka.bio\/index.php\/wp-json\/wp\/v2\/pages\/1319","targetHints":{"allow":["GET"]}}],"collection":[{"href":"https:\/\/viveka.bio\/index.php\/wp-json\/wp\/v2\/pages"}],"about":[{"href":"https:\/\/viveka.bio\/index.php\/wp-json\/wp\/v2\/types\/page"}],"author":[{"embeddable":true,"href":"https:\/\/viveka.bio\/index.php\/wp-json\/wp\/v2\/users\/1"}],"replies":[{"embeddable":true,"href":"https:\/\/viveka.bio\/index.php\/wp-json\/wp\/v2\/comments?post=1319"}],"version-history":[{"count":43,"href":"https:\/\/viveka.bio\/index.php\/wp-json\/wp\/v2\/pages\/1319\/revisions"}],"predecessor-version":[{"id":1779,"href":"https:\/\/viveka.bio\/index.php\/wp-json\/wp\/v2\/pages\/1319\/revisions\/1779"}],"wp:attachment":[{"href":"https:\/\/viveka.bio\/index.php\/wp-json\/wp\/v2\/media?parent=1319"}],"curies":[{"name":"wp","href":"https:\/\/api.w.org\/{rel}","templated":true}]}}